{"id":6,"date":"2026-03-14T10:22:36","date_gmt":"2026-03-14T10:22:36","guid":{"rendered":"https:\/\/fgmcreations.com\/?page_id=6"},"modified":"2026-04-26T16:34:32","modified_gmt":"2026-04-26T16:34:32","slug":"acceuil","status":"publish","type":"page","link":"https:\/\/fgmcreations.com\/","title":{"rendered":"Accueil"},"content":{"rendered":"\n<h1 class=\"wp-block-heading has-text-align-center\">fgm cr\u00e9ations<\/h1>\n\n\n\n<hr class=\"wp-block-separator has-alpha-channel-opacity\"\/>\n\n\n\n<div style=\"height:30px\" aria-hidden=\"true\" class=\"wp-block-spacer\"><\/div>\n\n\n\n<p class=\"has-text-align-center has-ast-global-color-6-color has-text-color has-link-color has-medium-font-size wp-elements-e32b648a54d89a41fa87bbbead8d46b6\"><em>Figurines et cr\u00e9ations enti\u00e8rement fa\u00e7onn\u00e9es \u00e0 la main, inspir\u00e9es des saisons et des mondes f\u00e9\u00e9riques\u2026<\/em><\/p>\n\n\n\n<hr class=\"wp-block-separator has-alpha-channel-opacity is-style-default\"\/>\n\n\n\n<div style=\"height:30px\" aria-hidden=\"true\" class=\"wp-block-spacer\"><\/div>\n\n\n\n<figure class=\"wp-block-image aligncenter size-large is-resized\"><a href=\"https:\/\/fgmcreations.com\/wp-content\/uploads\/2026\/03\/IMG_20251031_174207_989-scaled.webp\"><img loading=\"lazy\" decoding=\"async\" width=\"1024\" height=\"1024\" src=\"https:\/\/fgmcreations.com\/wp-content\/uploads\/2026\/03\/IMG_20251031_174207_989-1024x1024.webp\" alt=\"\" class=\"wp-image-36\" style=\"width:216px;height:auto\" srcset=\"https:\/\/fgmcreations.com\/wp-content\/uploads\/2026\/03\/IMG_20251031_174207_989-1024x1024.webp 1024w, https:\/\/fgmcreations.com\/wp-content\/uploads\/2026\/03\/IMG_20251031_174207_989-300x300.webp 300w, https:\/\/fgmcreations.com\/wp-content\/uploads\/2026\/03\/IMG_20251031_174207_989-150x150.webp 150w, https:\/\/fgmcreations.com\/wp-content\/uploads\/2026\/03\/IMG_20251031_174207_989-768x768.webp 768w, https:\/\/fgmcreations.com\/wp-content\/uploads\/2026\/03\/IMG_20251031_174207_989-1536x1536.webp 1536w, https:\/\/fgmcreations.com\/wp-content\/uploads\/2026\/03\/IMG_20251031_174207_989-2048x2048.webp 2048w\" sizes=\"auto, (max-width: 1024px) 100vw, 1024px\" \/><\/a><\/figure>\n\n\n\n<div style=\"height:50px\" aria-hidden=\"true\" class=\"wp-block-spacer\"><\/div>\n\n\n\n<p class=\"has-text-align-center has-medium-font-size\"><em>\u00ab\u00a0Mes cr\u00e9ations sont enti\u00e8rement fa\u00e7onn\u00e9es \u00e0 la main. \u00c0 travers elles, je cherche \u00e0 faire na\u00eetre une pr\u00e9sence, une histoire et une \u00e9motion. Mon univers s&rsquo;inspire du rythme des saisons, de ma r\u00e9gion, mais aussi des mondes nordiques, h\u00e9ro\u00efc-fantasy et des atmosph\u00e8res f\u00e9\u00e9riques. Chaque pi\u00e8ce est unique, r\u00e9alis\u00e9e avec soin \u00e0 partir de mati\u00e8res simples (carton, bois, tissus, laine\u2026), parfois r\u00e9cup\u00e9r\u00e9es, toujours choisies avec attention<\/em>.\u00a0\u00bb<\/p>\n\n\n\n<div style=\"height:50px\" aria-hidden=\"true\" class=\"wp-block-spacer\"><\/div>\n\n\n\n<div class=\"wp-block-buttons is-content-justification-center is-layout-flex wp-container-core-buttons-is-layout-a89b3969 wp-block-buttons-is-layout-flex\">\n<div class=\"wp-block-button\"><a class=\"wp-block-button__link wp-element-button\" href=\"https:\/\/fgmcreations.com\/index.php\/galerie\/\">D\u00e9couvrir mes cr\u00e9ations pour la galerie compl\u00e8te<\/a><\/div>\n<\/div>\n\n\n\n<div style=\"height:100px\" aria-hidden=\"true\" class=\"wp-block-spacer\"><\/div>\n\n\n\n<h2 class=\"wp-block-heading has-text-align-center\">Aper\u00e7u de mes cr\u00e9ations<\/h2>\n\n\n\n<hr class=\"wp-block-separator has-alpha-channel-opacity\"\/>\n\n\n\n<div style=\"height:50px\" aria-hidden=\"true\" class=\"wp-block-spacer\"><\/div>\n\n\n\n<figure class=\"wp-block-image aligncenter size-full is-resized\"><a href=\"https:\/\/fgmcreations.com\/wp-content\/uploads\/2026\/03\/3-petites-sorcieres-scaled.jpg\"><img loading=\"lazy\" decoding=\"async\" width=\"2560\" height=\"1920\" src=\"https:\/\/fgmcreations.com\/wp-content\/uploads\/2026\/03\/3-petites-sorcieres-scaled.jpg\" alt=\"\" class=\"wp-image-22\" style=\"aspect-ratio:1.7777777777777777;object-fit:cover;width:628px;height:auto\" srcset=\"https:\/\/fgmcreations.com\/wp-content\/uploads\/2026\/03\/3-petites-sorcieres-scaled.jpg 2560w, https:\/\/fgmcreations.com\/wp-content\/uploads\/2026\/03\/3-petites-sorcieres-300x225.jpg 300w, https:\/\/fgmcreations.com\/wp-content\/uploads\/2026\/03\/3-petites-sorcieres-1024x768.jpg 1024w, https:\/\/fgmcreations.com\/wp-content\/uploads\/2026\/03\/3-petites-sorcieres-768x576.jpg 768w, https:\/\/fgmcreations.com\/wp-content\/uploads\/2026\/03\/3-petites-sorcieres-1536x1152.jpg 1536w, https:\/\/fgmcreations.com\/wp-content\/uploads\/2026\/03\/3-petites-sorcieres-2048x1536.jpg 2048w\" sizes=\"auto, (max-width: 2560px) 100vw, 2560px\" \/><\/a><figcaption class=\"wp-element-caption\">3 petites sorci\u00e8res<\/figcaption><\/figure>\n\n\n\n<div style=\"height:50px\" aria-hidden=\"true\" class=\"wp-block-spacer\"><\/div>\n\n\n\n<div class=\"wp-block-columns is-layout-flex wp-container-core-columns-is-layout-28f84493 wp-block-columns-is-layout-flex\">\n<div class=\"wp-block-column is-layout-flow wp-block-column-is-layout-flow\">\n<figure class=\"wp-block-image size-large is-resized\"><a href=\"https:\/\/fgmcreations.com\/wp-content\/uploads\/2026\/03\/Almar-2-scaled.jpg\"><img loading=\"lazy\" decoding=\"async\" width=\"677\" height=\"1024\" src=\"https:\/\/fgmcreations.com\/wp-content\/uploads\/2026\/03\/Almar-2-677x1024.jpg\" alt=\"\" class=\"wp-image-224\" style=\"aspect-ratio:0.6611463944046949;width:321px;height:auto\" srcset=\"https:\/\/fgmcreations.com\/wp-content\/uploads\/2026\/03\/Almar-2-677x1024.jpg 677w, https:\/\/fgmcreations.com\/wp-content\/uploads\/2026\/03\/Almar-2-198x300.jpg 198w, https:\/\/fgmcreations.com\/wp-content\/uploads\/2026\/03\/Almar-2-768x1161.jpg 768w, https:\/\/fgmcreations.com\/wp-content\/uploads\/2026\/03\/Almar-2-1016x1536.jpg 1016w, https:\/\/fgmcreations.com\/wp-content\/uploads\/2026\/03\/Almar-2-1354x2048.jpg 1354w, https:\/\/fgmcreations.com\/wp-content\/uploads\/2026\/03\/Almar-2-scaled.jpg 1693w\" sizes=\"auto, (max-width: 677px) 100vw, 677px\" \/><\/a><figcaption class=\"wp-element-caption\">Figurine Nordique : Almar<\/figcaption><\/figure>\n<\/div>\n\n\n\n<div class=\"wp-block-column is-layout-flow wp-block-column-is-layout-flow\">\n<figure class=\"wp-block-image aligncenter size-large\"><a href=\"https:\/\/fgmcreations.com\/wp-content\/uploads\/2026\/03\/Gisele-scaled.jpg\"><img loading=\"lazy\" decoding=\"async\" width=\"768\" height=\"1024\" src=\"https:\/\/fgmcreations.com\/wp-content\/uploads\/2026\/03\/Gisele-768x1024.jpg\" alt=\"\" class=\"wp-image-179\" srcset=\"https:\/\/fgmcreations.com\/wp-content\/uploads\/2026\/03\/Gisele-768x1024.jpg 768w, https:\/\/fgmcreations.com\/wp-content\/uploads\/2026\/03\/Gisele-225x300.jpg 225w, https:\/\/fgmcreations.com\/wp-content\/uploads\/2026\/03\/Gisele-1152x1536.jpg 1152w, https:\/\/fgmcreations.com\/wp-content\/uploads\/2026\/03\/Gisele-1536x2048.jpg 1536w, https:\/\/fgmcreations.com\/wp-content\/uploads\/2026\/03\/Gisele-scaled.jpg 1920w\" sizes=\"auto, (max-width: 768px) 100vw, 768px\" \/><\/a><figcaption class=\"wp-element-caption\">Figurine alsacienne : Gis\u00e8le<\/figcaption><\/figure>\n<\/div>\n<\/div>\n\n\n\n<div style=\"height:50px\" aria-hidden=\"true\" class=\"wp-block-spacer\"><\/div>\n\n\n\n<figure class=\"wp-block-image aligncenter size-large is-resized\"><a href=\"https:\/\/fgmcreations.com\/wp-content\/uploads\/2026\/03\/Azariel-scaled.jpg\"><img loading=\"lazy\" decoding=\"async\" width=\"768\" height=\"1024\" src=\"https:\/\/fgmcreations.com\/wp-content\/uploads\/2026\/03\/Azariel-768x1024.jpg\" alt=\"\" class=\"wp-image-27\" style=\"aspect-ratio:0.7500038397149396;width:317px;height:auto\" srcset=\"https:\/\/fgmcreations.com\/wp-content\/uploads\/2026\/03\/Azariel-768x1024.jpg 768w, https:\/\/fgmcreations.com\/wp-content\/uploads\/2026\/03\/Azariel-225x300.jpg 225w, https:\/\/fgmcreations.com\/wp-content\/uploads\/2026\/03\/Azariel-1152x1536.jpg 1152w, https:\/\/fgmcreations.com\/wp-content\/uploads\/2026\/03\/Azariel-1536x2048.jpg 1536w, https:\/\/fgmcreations.com\/wp-content\/uploads\/2026\/03\/Azariel-scaled.jpg 1920w\" sizes=\"auto, (max-width: 768px) 100vw, 768px\" \/><\/a><figcaption class=\"wp-element-caption\">Figurine c\u00e9leste : Azariel<\/figcaption><\/figure>\n\n\n\n<div style=\"height:50px\" aria-hidden=\"true\" class=\"wp-block-spacer\"><\/div>\n\n\n\n<div class=\"wp-block-columns is-layout-flex wp-container-core-columns-is-layout-28f84493 wp-block-columns-is-layout-flex\">\n<div class=\"wp-block-column is-layout-flow wp-block-column-is-layout-flow\" style=\"flex-basis:25%\">\n<figure class=\"wp-block-image size-large\"><a href=\"https:\/\/fgmcreations.com\/wp-content\/uploads\/2026\/03\/lutins-dautomne-scaled.jpg\"><img loading=\"lazy\" decoding=\"async\" width=\"768\" height=\"1024\" src=\"https:\/\/fgmcreations.com\/wp-content\/uploads\/2026\/03\/lutins-dautomne-768x1024.jpg\" alt=\"\" class=\"wp-image-101\" srcset=\"https:\/\/fgmcreations.com\/wp-content\/uploads\/2026\/03\/lutins-dautomne-768x1024.jpg 768w, https:\/\/fgmcreations.com\/wp-content\/uploads\/2026\/03\/lutins-dautomne-225x300.jpg 225w, https:\/\/fgmcreations.com\/wp-content\/uploads\/2026\/03\/lutins-dautomne-1152x1536.jpg 1152w, https:\/\/fgmcreations.com\/wp-content\/uploads\/2026\/03\/lutins-dautomne-1536x2048.jpg 1536w, https:\/\/fgmcreations.com\/wp-content\/uploads\/2026\/03\/lutins-dautomne-scaled.jpg 1920w\" sizes=\"auto, (max-width: 768px) 100vw, 768px\" \/><\/a><figcaption class=\"wp-element-caption\">Lutins d&rsquo;automne<\/figcaption><\/figure>\n<\/div>\n\n\n\n<div class=\"wp-block-column is-layout-flow wp-block-column-is-layout-flow\" style=\"flex-basis:50%\">\n<figure class=\"wp-block-image size-large\"><a href=\"https:\/\/fgmcreations.com\/wp-content\/uploads\/2026\/03\/famille-alsacienne-scaled.jpg\"><img loading=\"lazy\" decoding=\"async\" width=\"1024\" height=\"768\" src=\"https:\/\/fgmcreations.com\/wp-content\/uploads\/2026\/03\/famille-alsacienne-1024x768.jpg\" alt=\"\" class=\"wp-image-178\" srcset=\"https:\/\/fgmcreations.com\/wp-content\/uploads\/2026\/03\/famille-alsacienne-1024x768.jpg 1024w, https:\/\/fgmcreations.com\/wp-content\/uploads\/2026\/03\/famille-alsacienne-300x225.jpg 300w, https:\/\/fgmcreations.com\/wp-content\/uploads\/2026\/03\/famille-alsacienne-768x576.jpg 768w, https:\/\/fgmcreations.com\/wp-content\/uploads\/2026\/03\/famille-alsacienne-1536x1152.jpg 1536w, https:\/\/fgmcreations.com\/wp-content\/uploads\/2026\/03\/famille-alsacienne-2048x1536.jpg 2048w\" sizes=\"auto, (max-width: 1024px) 100vw, 1024px\" \/><\/a><figcaption class=\"wp-element-caption\">Figurine alsacienne : une famille alsacienne<\/figcaption><\/figure>\n<\/div>\n\n\n\n<div class=\"wp-block-column is-layout-flow wp-block-column-is-layout-flow\" style=\"flex-basis:25%\">\n<figure class=\"wp-block-image alignfull size-large\"><a href=\"https:\/\/fgmcreations.com\/wp-content\/uploads\/2026\/03\/2-soeurs-scaled.jpg\"><img loading=\"lazy\" decoding=\"async\" width=\"768\" height=\"1024\" src=\"https:\/\/fgmcreations.com\/wp-content\/uploads\/2026\/03\/2-soeurs-768x1024.jpg\" alt=\"\" class=\"wp-image-80\" srcset=\"https:\/\/fgmcreations.com\/wp-content\/uploads\/2026\/03\/2-soeurs-768x1024.jpg 768w, https:\/\/fgmcreations.com\/wp-content\/uploads\/2026\/03\/2-soeurs-225x300.jpg 225w, https:\/\/fgmcreations.com\/wp-content\/uploads\/2026\/03\/2-soeurs-1152x1536.jpg 1152w, https:\/\/fgmcreations.com\/wp-content\/uploads\/2026\/03\/2-soeurs-1536x2048.jpg 1536w, https:\/\/fgmcreations.com\/wp-content\/uploads\/2026\/03\/2-soeurs-scaled.jpg 1920w\" sizes=\"auto, (max-width: 768px) 100vw, 768px\" \/><\/a><figcaption class=\"wp-element-caption\">Figurines F\u00e9es : 2 soeurs<\/figcaption><\/figure>\n<\/div>\n<\/div>\n\n\n\n<div style=\"height:50px\" aria-hidden=\"true\" class=\"wp-block-spacer\"><\/div>\n\n\n\n<div class=\"wp-block-columns is-layout-flex wp-container-core-columns-is-layout-28f84493 wp-block-columns-is-layout-flex\">\n<div class=\"wp-block-column is-layout-flow wp-block-column-is-layout-flow\">\n<figure class=\"wp-block-image size-large is-resized\"><img loading=\"lazy\" decoding=\"async\" width=\"768\" height=\"1024\" src=\"https:\/\/fgmcreations.com\/wp-content\/uploads\/2026\/04\/Pancarte-de-chambre-fille-sur-balancoire-768x1024.jpg\" alt=\"Pancarte de chambre, fille sur balan\u00e7oire\" class=\"wp-image-289\" style=\"aspect-ratio:0.7500116882509701;width:228px;height:auto\" srcset=\"https:\/\/fgmcreations.com\/wp-content\/uploads\/2026\/04\/Pancarte-de-chambre-fille-sur-balancoire-768x1024.jpg 768w, https:\/\/fgmcreations.com\/wp-content\/uploads\/2026\/04\/Pancarte-de-chambre-fille-sur-balancoire-225x300.jpg 225w, https:\/\/fgmcreations.com\/wp-content\/uploads\/2026\/04\/Pancarte-de-chambre-fille-sur-balancoire-1152x1536.jpg 1152w, https:\/\/fgmcreations.com\/wp-content\/uploads\/2026\/04\/Pancarte-de-chambre-fille-sur-balancoire-1536x2048.jpg 1536w, https:\/\/fgmcreations.com\/wp-content\/uploads\/2026\/04\/Pancarte-de-chambre-fille-sur-balancoire-scaled.jpg 1920w\" sizes=\"auto, (max-width: 768px) 100vw, 768px\" \/><figcaption class=\"wp-element-caption\"><em><strong>Pancarte de chambre, lutin sur balan\u00e7oire<\/strong><\/em><\/figcaption><\/figure>\n<\/div>\n\n\n\n<div class=\"wp-block-column is-layout-flow wp-block-column-is-layout-flow\">\n<figure class=\"wp-block-image size-large\"><img loading=\"lazy\" decoding=\"async\" width=\"768\" height=\"1024\" src=\"https:\/\/fgmcreations.com\/wp-content\/uploads\/2026\/04\/Cadeau-fdm-Melody-768x1024.jpg\" alt=\"Cadeau f\u00eate des m\u00e9res, M\u00e9lody\" class=\"wp-image-282\" srcset=\"https:\/\/fgmcreations.com\/wp-content\/uploads\/2026\/04\/Cadeau-fdm-Melody-768x1024.jpg 768w, https:\/\/fgmcreations.com\/wp-content\/uploads\/2026\/04\/Cadeau-fdm-Melody-225x300.jpg 225w, https:\/\/fgmcreations.com\/wp-content\/uploads\/2026\/04\/Cadeau-fdm-Melody-1152x1536.jpg 1152w, https:\/\/fgmcreations.com\/wp-content\/uploads\/2026\/04\/Cadeau-fdm-Melody-1536x2048.jpg 1536w, https:\/\/fgmcreations.com\/wp-content\/uploads\/2026\/04\/Cadeau-fdm-Melody-scaled.jpg 1920w\" sizes=\"auto, (max-width: 768px) 100vw, 768px\" \/><figcaption class=\"wp-element-caption\"><strong><em>Cadeau de f\u00eate des m\u00e9res, M\u00e9lody<\/em> la f\u00e9e<\/strong><\/figcaption><\/figure>\n<\/div>\n\n\n\n<div class=\"wp-block-column is-layout-flow wp-block-column-is-layout-flow\">\n<figure class=\"wp-block-image size-large is-resized\"><img loading=\"lazy\" decoding=\"async\" width=\"768\" height=\"1024\" src=\"https:\/\/fgmcreations.com\/wp-content\/uploads\/2026\/04\/Deco-de-chambre-lutins-sur-nuage-768x1024.jpg\" alt=\"D\u00e9co de chambre, lutins sur nuage\" class=\"wp-image-285\" style=\"aspect-ratio:0.7500233754090696;width:230px;height:auto\" srcset=\"https:\/\/fgmcreations.com\/wp-content\/uploads\/2026\/04\/Deco-de-chambre-lutins-sur-nuage-768x1024.jpg 768w, https:\/\/fgmcreations.com\/wp-content\/uploads\/2026\/04\/Deco-de-chambre-lutins-sur-nuage-225x300.jpg 225w, https:\/\/fgmcreations.com\/wp-content\/uploads\/2026\/04\/Deco-de-chambre-lutins-sur-nuage-1152x1536.jpg 1152w, https:\/\/fgmcreations.com\/wp-content\/uploads\/2026\/04\/Deco-de-chambre-lutins-sur-nuage-1536x2048.jpg 1536w, https:\/\/fgmcreations.com\/wp-content\/uploads\/2026\/04\/Deco-de-chambre-lutins-sur-nuage-scaled.jpg 1920w\" sizes=\"auto, (max-width: 768px) 100vw, 768px\" \/><figcaption class=\"wp-element-caption\"><strong><em>D\u00e9co de chambre, lutins sur <\/em>lune<\/strong><\/figcaption><\/figure>\n<\/div>\n<\/div>\n\n\n\n<p class=\"has-text-align-left has-medium-font-size\">\u00ab\u00a0Plongez dans mon univers cr\u00e9atif, o\u00f9 chaque pi\u00e8ce raconte une histoire unique et est fa\u00e7onn\u00e9e avec soin \u00e0 la main. Venez r\u00e9ver avec moi!!!<\/p>\n\n\n\n<div style=\"height:50px\" aria-hidden=\"true\" class=\"wp-block-spacer\"><\/div>\n\n\n\n<div class=\"wp-block-buttons is-content-justification-center is-layout-flex wp-container-core-buttons-is-layout-a89b3969 wp-block-buttons-is-layout-flex\">\n<div class=\"wp-block-button is-style-fill\"><a class=\"wp-block-button__link has-text-align-center wp-element-button\" href=\"https:\/\/fgmcreations.com\/index.php\/a-propos\/\">D\u00e9couvrir mon univers\u00a0\u00bb<\/a><\/div>\n<\/div>\n\n\n\n<p><\/p>\n","protected":false},"excerpt":{"rendered":"<p>fgm cr\u00e9ations Figurines et cr\u00e9ations enti\u00e8rement fa\u00e7onn\u00e9es \u00e0 la main, inspir\u00e9es des saisons et des mondes f\u00e9\u00e9riques\u2026 \u00ab\u00a0Mes cr\u00e9ations sont [&hellip;]<\/p>\n","protected":false},"author":1,"featured_media":0,"parent":0,"menu_order":0,"comment_status":"closed","ping_status":"closed","template":"","meta":{"site-sidebar-layout":"default","site-content-layout":"","ast-site-content-layout":"default","site-content-style":"default","site-sidebar-style":"default","ast-global-header-display":"","ast-banner-title-visibility":"","ast-main-header-display":"","ast-hfb-above-header-display":"","ast-hfb-below-header-display":"","ast-hfb-mobile-header-display":"","site-post-title":"","ast-breadcrumbs-content":"","ast-featured-img":"","footer-sml-layout":"","ast-disable-related-posts":"","theme-transparent-header-meta":"","adv-header-id-meta":"","stick-header-meta":"","header-above-stick-meta":"","header-main-stick-meta":"","header-below-stick-meta":"","astra-migrate-meta-layouts":"default","ast-page-background-enabled":"default","ast-page-background-meta":{"desktop":{"background-color":"var(--ast-global-color-5)","background-image":"","background-repeat":"repeat","background-position":"center center","background-size":"auto","background-attachment":"scroll","background-type":"","background-media":"","overlay-type":"","overlay-color":"","overlay-opacity":"","overlay-gradient":""},"tablet":{"background-color":"","background-image":"","background-repeat":"repeat","background-position":"center center","background-size":"auto","background-attachment":"scroll","background-type":"","background-media":"","overlay-type":"","overlay-color":"","overlay-opacity":"","overlay-gradient":""},"mobile":{"background-color":"","background-image":"","background-repeat":"repeat","background-position":"center center","background-size":"auto","background-attachment":"scroll","background-type":"","background-media":"","overlay-type":"","overlay-color":"","overlay-opacity":"","overlay-gradient":""}},"ast-content-background-meta":{"desktop":{"background-color":"var(--ast-global-color-4)","background-image":"","background-repeat":"repeat","background-position":"center center","background-size":"auto","background-attachment":"scroll","background-type":"","background-media":"","overlay-type":"","overlay-color":"","overlay-opacity":"","overlay-gradient":""},"tablet":{"background-color":"var(--ast-global-color-4)","background-image":"","background-repeat":"repeat","background-position":"center center","background-size":"auto","background-attachment":"scroll","background-type":"","background-media":"","overlay-type":"","overlay-color":"","overlay-opacity":"","overlay-gradient":""},"mobile":{"background-color":"var(--ast-global-color-4)","background-image":"","background-repeat":"repeat","background-position":"center center","background-size":"auto","background-attachment":"scroll","background-type":"","background-media":"","overlay-type":"","overlay-color":"","overlay-opacity":"","overlay-gradient":""}},"footnotes":""},"class_list":["post-6","page","type-page","status-publish","hentry"],"_links":{"self":[{"href":"https:\/\/fgmcreations.com\/index.php\/wp-json\/wp\/v2\/pages\/6","targetHints":{"allow":["GET"]}}],"collection":[{"href":"https:\/\/fgmcreations.com\/index.php\/wp-json\/wp\/v2\/pages"}],"about":[{"href":"https:\/\/fgmcreations.com\/index.php\/wp-json\/wp\/v2\/types\/page"}],"author":[{"embeddable":true,"href":"https:\/\/fgmcreations.com\/index.php\/wp-json\/wp\/v2\/users\/1"}],"replies":[{"embeddable":true,"href":"https:\/\/fgmcreations.com\/index.php\/wp-json\/wp\/v2\/comments?post=6"}],"version-history":[{"count":43,"href":"https:\/\/fgmcreations.com\/index.php\/wp-json\/wp\/v2\/pages\/6\/revisions"}],"predecessor-version":[{"id":303,"href":"https:\/\/fgmcreations.com\/index.php\/wp-json\/wp\/v2\/pages\/6\/revisions\/303"}],"wp:attachment":[{"href":"https:\/\/fgmcreations.com\/index.php\/wp-json\/wp\/v2\/media?parent=6"}],"curies":[{"name":"wp","href":"https:\/\/api.w.org\/{rel}","templated":true}]}}